{"id":259,"date":"2022-09-21T06:50:04","date_gmt":"2022-09-21T06:50:04","guid":{"rendered":"http:\/\/rosorforet.com\/?page_id=259"},"modified":"2023-05-11T12:01:57","modified_gmt":"2023-05-11T12:01:57","slug":"avis-legal","status":"publish","type":"page","link":"https:\/\/rosorforet.com\/ca\/avis-legal\/","title":{"rendered":"Av\u00eds Legal"},"content":{"rendered":"<p>En aquest Av\u00eds Legal, l&#8217;Usuari, podr\u00e0 trobar tota la informaci\u00f3 relativa a les condicions legals que defineixen les relacions entre els usuaris i el responsable de la p\u00e0gina web accessible a l&#8217;adre\u00e7a URL www.rosorforet.com (d&#8217;ara endavant, el Lloc Web) , que ROSER FORET ROBAU posa a la disposici\u00f3 dels usuaris d&#8217;Internet.<br \/>\nLa utilitzaci\u00f3 del lloc web implica l&#8217;acceptaci\u00f3 plena i sense reserves de totes i cadascuna de les disposicions incloses en aquest Av\u00eds Legal. En conseq\u00fc\u00e8ncia, l&#8217;usuari del lloc web ha de llegir atentament aquest Av\u00eds Legal en cadascuna de les ocasions en qu\u00e8 es proposi utilitzar el web, ja que el text podria patir modificacions a criteri del titular del web, oa causa d&#8217;un canvi legislatiu , jurisprudencial oa la pr\u00e0ctica empresarial.<\/p>\n<h3>1.- Dades del responsable titular del lloc web<\/h3>\n<p><strong>Nom del titular:<\/strong> ROSER FORET ROBAU<br \/>\n<strong>Domicili social:<\/strong> C\/ Cardenal Reig n\u00ba 31, 1, 1, 08028, Barcelona<br \/>\n<strong>C.I.F.:<\/strong> 41525840F<br \/>\n<strong>Tel\u00e8fon de contacte:<\/strong> 679144746<br \/>\n<strong>Correu electr\u00f2nic:<\/strong> <a href=\"mailto:info@rosorforet.com\">info@rosorforet.com<\/a><\/p>\n<p>ROSER FORET ROBAU \u00e9s la responsable del Lloc Web i es compromet a complir tots els requisits nacionals i europeus que regulen l&#8217;\u00fas de les dades personals dels usuaris.<br \/>\nAquest Lloc Web garanteix la protecci\u00f3 i la confidencialitat de les dades personals que ens proporcionin d&#8217;acord amb el que disposa el Reglament General de Protecci\u00f3 de Dades de Car\u00e0cter Personal (UE) 2016\/679 del Parlament Europeu i del Consell, de 27 d&#8217;abril de 2016 , a la Llei Org\u00e0nica 3\/2018, de Protecci\u00f3 de Dades Personals i garantia dels drets digitals, aix\u00ed com a la Llei de Serveis de la Societat de la Informaci\u00f3 i Comer\u00e7 Electr\u00f2nic 34\/2002 d&#8217;11 de Juliol (LSSI-CE).<\/p>\n<h3>2.- Objecte<\/h3>\n<p>El Lloc Web facilita als usuaris del mateix l&#8217;acc\u00e9s a informaci\u00f3 i serveis prestats per ROSER FORET ROBAU a aquelles persones o organitzacions interessades en aquests.<br \/>\nL&#8217;acc\u00e9s i la utilitzaci\u00f3 del Lloc Web atribueix la condici\u00f3 d&#8217;usuari del Lloc Web (d&#8217;ara endavant, \u201cl&#8217;Usuari\u201d) i implica l&#8217;acceptaci\u00f3 de totes les condicions incloses en aquest Av\u00eds Legal aix\u00ed com de les seves modificacions. La prestaci\u00f3 del servei del Lloc Web t\u00e9 una durada limitada al moment en qu\u00e8 l&#8217;Usuari estigui connectat al Lloc Web oa algun dels serveis que a trav\u00e9s del mateix es faciliten.<br \/>\nPer tant, l&#8217;Usuari ha de llegir atentament aquest Av\u00eds Legal en cadascuna de les ocasions en qu\u00e8 es proposi utilitzar el Lloc Web, ja que aquest i les seves condicions d&#8217;\u00fas recollides al present Av\u00eds Legal poden patir modificacions.<\/p>\n<h3>3.- Acc\u00e9s i utilitzaci\u00f3 del web<\/h3>\n<p>3.1.- Car\u00e0cter gratu\u00eft de l&#8217;acc\u00e9s i la utilitzaci\u00f3 de la web. L&#8217;acc\u00e9s a la web t\u00e9 car\u00e0cter gratu\u00eft per als usuaris de la mateixa, llevat del cost de la connexi\u00f3 a trav\u00e9s de la xarxa de telecomunicacions subministrada pel prove\u00efdor d&#8217;acc\u00e9s contractat pels usuaris.<br \/>\n3.2.- Registre d&#8217;usuaris. Amb car\u00e0cter general l&#8217;acc\u00e9s i utilitzaci\u00f3 de la web no exigeix la pr\u00e8via subscripci\u00f3 o registre dels usuaris de la web.<br \/>\n3.3.- Els usuaris garanteixen i responen, en qualsevol cas, de l&#8217;exactitud, vig\u00e8ncia i autenticitat de les dades personals facilitades, i es comprometen a mantenir-les degudament actualitzades. L&#8217;usuari accepta proporcionar informaci\u00f3 completa i correcta al formulari de contacte o subscripci\u00f3. En el cas dels menors de catorze anys es requereix el consentiment dels pares o tutors per al tractament de les dades personals. En cap cas no es demanaran del menor d&#8217;edat dades relatives a la situaci\u00f3 professional, econ\u00f2mica o a la intimitat dels altres membres de la fam\u00edlia, sense el seu consentiment. Si ets menor de tretze anys i has accedit a aquest lloc web sense avisar els teus pares no t&#8217;has de registrar com a usuari. En aquesta web es respecten i cuiden les dades personals dels usuaris. Com a usuari has de saber que els teus drets estan garantits.<\/p>\n<h3>4.- Continguts del web<\/h3>\n<p>L&#8217;idioma utilitzat pel titular al web ser\u00e0 el castell\u00e0. ROSER FORET ROBAU no es responsabilitza de la no comprensi\u00f3 o entesa de l&#8217;idioma de la web per l&#8217;usuari, ni de les conseq\u00fc\u00e8ncies. ROSER FORET ROBAU podr\u00e0 modificar els continguts sense previ av\u00eds, aix\u00ed com suprimir i canviar aquests dins de la web, com la forma en qu\u00e8 s&#8217;accedeix a aquests, sense cap justificaci\u00f3 i lliurement, no responsabilitzant-se de les conseq\u00fc\u00e8ncies que aquests puguin ocasionar als usuaris. Es prohibeix l&#8217;\u00fas dels continguts de la web per promocionar, contractar o divulgar publicitat o informaci\u00f3 pr\u00f2pia o de terceres persones sense l&#8217;autoritzaci\u00f3 de ROSER FORET ROBAU, ni remetre publicitat o informaci\u00f3 fent servir els serveis o informaci\u00f3 que es posen a disposici\u00f3 dels usuaris, independentment de si la utilitzaci\u00f3 \u00e9s gratu\u00efta o no. Els enlla\u00e7os o hiperenlla\u00e7os que incorporin tercers a les seves p\u00e0gines web, dirigits a aquesta web, seran per a l&#8217;obertura de la p\u00e0gina web completa, no podent manifestar, directament o indirectament, indicacions falses, inexactes o confuses, ni inc\u00f3rrer en accions deslleials o il\u00b7l\u00edcites en contra ROSER FORET ROBAU.<\/p>\n<h3>5.- Mesures de seguretat<\/h3>\n<p>Les dades personals comunicades per l&#8217;usuari podran ser emmagatzemades en bases de dades automatitzades o no, la titularitat de les quals correspon en exclusiva a ROSER FORET ROBAU, assumint totes les mesures d&#8217;\u00edndole t\u00e8cnica, organitzativa i de seguretat que garanteixin la confidencialitat, integritat i qualitat de la informaci\u00f3 continguda en aquestes d&#8217;acord amb el que estableixen les normatives vigents en mat\u00e8ria de protecci\u00f3 de dades de car\u00e0cter personal.<\/p>\n<h3>6.- Limitaci\u00f3 de responsabilitat<\/h3>\n<p>Tant l&#8217;acc\u00e9s a la web com l&#8217;\u00fas no consentit que es pugui efectuar de la informaci\u00f3 que cont\u00e9 \u00e9s de l&#8217;exclusiva responsabilitat de qui el realitza. ROSER FORET ROBAU no respondr\u00e0 de cap conseq\u00fc\u00e8ncia, dany o perjudici que poguessin derivar-se del dit acc\u00e9s o \u00fas. ROSER FORET ROBAU no es fa responsable dels errors de seguretat, que es puguin produir ni dels danys que puguin causar-se al sistema inform\u00e0tic de l&#8217;usuari (hardware i software), o als fitxers o documents emmagatzemats en aquest, com a conseq\u00fc\u00e8ncia de:<br \/>\n\u2013 la pres\u00e8ncia d&#8217;un virus a l&#8217;ordinador de l&#8217;usuari que sigui utilitzat per a la connexi\u00f3 als serveis i continguts de la web.<br \/>\n\u2013 un mal funcionament del navegador.<br \/>\n\u2013 i\/o de l&#8217;\u00fas de versions no actualitzades del mateix.<\/p>\n<p>ROSER FORET ROBAU no es fa responsable de la fiabilitat i rapidesa dels hiperenlla\u00e7os que s&#8217;incorporin a la web per a l&#8217;obertura d&#8217;altres. Tampoc no garanteix la utilitat d&#8217;aquests enlla\u00e7os, ni es responsabilitza dels continguts o serveis als quals pugui accedir l&#8217;usuari per mitj\u00e0 d&#8217;aquests enlla\u00e7os, ni del bon funcionament d&#8217;aquestes webs. ROSER FORET ROBAU no ser\u00e0 responsable dels virus o altres programes inform\u00e0tics que deteriorin o puguin deteriorar els sistemes o equips inform\u00e0tics dels usuaris en accedir a la seva web o altres webs a les que s&#8217;hagin accedit mitjan\u00e7ant enlla\u00e7os d&#8217;aquesta web.<\/p>\n<h3>7.- Utilitzaci\u00f3 de la tecnologia \u201ccookie\u201d<\/h3>\n<p>El Lloc Web pot emprar cookies o tecnologies similars que es regiran per all\u00f2 establert a la Pol\u00edtica de Cookies, accessible en tot moment i respectant la confidencialitat i intimitat de l&#8217;usuari, sent part integrant del present Av\u00eds Legal.<\/p>\n<h3>8.- Navegaci\u00f3<\/h3>\n<p>Els servidors dInternet poden recollir dades no identificables, que puguin incloure, adreces IP, i altres dades que no poden ser utilitzades per identificar lusuari. La vostra adre\u00e7a IP s&#8217;emmagatzemar\u00e0 als logs d&#8217;acc\u00e9s de forma autom\u00e0tica i amb l&#8217;\u00fanica finalitat de permetre el tr\u00e0nsit per Internet, i \u00e9s necessari que el vostre equip faciliti aquesta adre\u00e7a IP quan navega per Internet perqu\u00e8 les comunicacions es puguin fer. Aix\u00ed mateix, l&#8217;adre\u00e7a IP podr\u00e0 ser utilitzada per fer estad\u00edstiques, de manera anonimitzada, sobre el nombre de visitants d&#8217;aquest web i la seva proced\u00e8ncia, de manera totalment transparent a la vostra navegaci\u00f3.<\/p>\n<h3>9.- Propietat intel\u00b7lectual i industrial<\/h3>\n<p>L&#8217;usuari coneix i accepta que tots els continguts i\/o qualsevol altre element del lloc web s\u00f3n propietat de ROSER FORET ROBAU, i es compromet a respectar els drets de propietat intel\u00b7lectual i industrial titularitat del mateix i\/o de tercers. Qualsevol \u00fas de la web o els seus continguts haur\u00e0 de tenir un car\u00e0cter exclusivament particular. Est\u00e0 reservat exclusivament a ROSER FORET ROBAU, qualsevol altre \u00fas que suposi la c\u00f2pia, reproducci\u00f3, distribuci\u00f3, transformaci\u00f3, comunicaci\u00f3 p\u00fablica o qualsevol altra acci\u00f3 similar, de tot o part dels continguts de la web, per la qual cosa cap usuari no podr\u00e0 dur a terme aquestes accions sense lautoritzaci\u00f3 pr\u00e8via i per escrit de ROSER FORET ROBAU.<\/p>\n<h3>10.- Legislaci\u00f3 aplicable i jurisdicci\u00f3 competent<\/h3>\n<p>Aquest Av\u00eds Legal s&#8217;interpretar\u00e0 i es regir\u00e0 de conformitat amb la legislaci\u00f3 espanyola. ROSER FORET ROBAU i els usuaris, amb ren\u00fancia expressa a qualsevol altre fur que els pogu\u00e9s correspondre, se sotmeten al dels jutjats i tribunals del domicili de l&#8217;usuari per a qualsevol controv\u00e8rsia que pogu\u00e9s derivar-se de l&#8217;acc\u00e9s o \u00fas del web. En cas que l&#8217;usuari tingui el domicili fora d&#8217;Espanya, ROSER FORET ROBAU i l&#8217;usuari, se sotmeten, amb ren\u00fancia expressa a qualsevol altre fur, els jutjats i els tribunals de la ciutat de Barcelona.<\/p>\n<h3>11.- Contractes Intel\u00b7lig\u00e8ncia Artificial i Aprenentatge de M\u00e0quines<\/h3>\n<p>En la meva qualitat de titular sobre els drets connexos d&#8217;autor sobre les interpretacions i execucions fixades en enregistraments d&#8217;\u00e0udio o v\u00eddeo realitzats, aix\u00ed com dels drets sobre la meva imatge (incloent veu, rostre, gestos, posats, pros\u00f2dia i altres elements que d&#8217;acord amb les normes aplicables integren la meva imatge) i com a titular dels drets sobre les meves dades personals i biom\u00e8triques (dins de les quals es troba la meva veu), em permeto realitzar les seg\u00fcents declaracions que resulten essencials i vinculants per al compliment i l&#8217;execuci\u00f3 de qualsevol contracte.<\/p>\n<p>De la mateixa manera, aquest punt t\u00e9 com a finalitat delimitar, aclarir i definir l&#8217;abast de qualsevol acord, pel que fa als usos que no hi hagin estat pactats expressament:<\/p>\n<p>1. El client\/contractant accepta expressament no utilitzar cap part de les interpretacions o execucions, actuaci\u00f3, imatge o dades personals, aix\u00ed com de les fixacions o enregistraments que es realitzin de la veu del titular en qualsevol mitj\u00e0 conegut o en proc\u00e9s de desenvolupament per a fins diferents dels espec\u00edficament pactats a l&#8217;acord inicialment pactat en mitjans o suports diferents dels espec\u00edficament acordats, la qual cosa inclou aquest punt.<\/p>\n<p>2. El client\/contractant accepta expressament i espec\u00edficament no vendre, transferir o cedir altrament qualsevol dret sobretot o part de qualsevol dels meus enregistraments, actuacions, imatge, dades personals o qualsevol altre element gravat o fixat per al client\/contractant, a una tercera part sense el meu coneixement previ i consentiment expr\u00e9s i per escrit.<\/p>\n<p>3. El client\/contractant accepta que per a l&#8217;emmagatzematge en format f\u00edsic o digital de qualsevol interpretaci\u00f3, execuci\u00f3, enregistrament, actuaci\u00f3, imatge, dades personals i, en general, de qualsevol informaci\u00f3 relativa al titular<br \/>\nque hagi estat pr\u00e8via i expressament autoritzada per escrit per aquest per a aquests efectes.<\/p>\n<p>4. El client\/contractant haur\u00e0 d&#8217;aplicar totes les mesures de seguretat requerides d&#8217;acord amb les normes aplicables en mat\u00e8ria de protecci\u00f3 de dades personals i de confidencialitat de la informaci\u00f3, de manera que terceres parts no autoritzades no puguin accedir als arxius que contenen la meva veu, imatge o dades personals, i si aquests arxius s&#8217;emmagatzemen al \u201cn\u00favol\u201d, el client\/contractant s&#8217;obliga a protegir-los a trav\u00e9s de l&#8217;encriptaci\u00f3 o altres mitjans tecnol\u00f2gics avan\u00e7ats que garanteixin la protecci\u00f3 sobre aquests continguts i mantindr\u00e0 totalment indemne al titular de qualsevol \u00fas no autoritzat de la informaci\u00f3 que li hagi estat subministrada en l&#8217;execuci\u00f3 de qualsevol contracte.<\/p>\n<p>5. El client\/contractant s&#8217;obliga a no utilitzar la interpretaci\u00f3, execuci\u00f3, imatge, veu o els enregistraments que incloguin qualsevol d&#8217;aquests elements en la seva totalitat o en fragments per crear, entrenar o alimentar cap codi, tecnologia, simulaci\u00f3, clon, algorisme d&#8217;intel\u00b7lig\u00e8ncia artificial, programari, doble digital o sint\u00e8tic.<\/p>\n<p>6. El client\/contractant es compromet a no vendre, llogar o transferir de qualsevol altra forma, qualsevol tipus de dret sobre la pe\u00e7a a tercers sense autoritzaci\u00f3 i consentiment previ, expr\u00e9s i per escrit de ROSER FORET ROBAU.<\/p>\n<p>7. El client\/contractant s&#8217;obliga a destruir la interpretaci\u00f3, execuci\u00f3, imatge, veu o els enregistraments que incloguin aquests elements despr\u00e9s d&#8217;haver-ne completat l&#8217;\u00fas i la llic\u00e8ncia, llevat que hagi acordat pr\u00e8viament, de forma expressa i per escrit, amb ROSER FORET ROBAU una prolongaci\u00f3.<\/p>\n<p>8. ROSER FORET ROBAU es reserva tots els drets connexos, tant morals com patrimonials, sobre les seves interpretacions o execucions que no hagi expressament autoritzats o llicenciats per escrit, aix\u00ed com qualsevol \u00fas, reproducci\u00f3, comunicaci\u00f3 p\u00fablica, distribuci\u00f3, transformaci\u00f3 o qualsevol altre \u00fas en qualsevol mitj\u00e0, finestra o territori que no hagi estat expressament autoritzat pr\u00e8viament i per escrit.<\/p>\n<p>9. Les llic\u00e8ncies d&#8217;\u00fas per a aquestes peces es lliuren per a una \u00fanica finalitat especificada i no inclouen en cap cas cap tipus de release de territori, temporalitat, mitjans o finestres m\u00e9s enll\u00e0 del que s&#8217;ha acordat expressament. Per tant, en cap cas no podr\u00e0 entendre&#8217;s realitzat cap tipus de full release.<\/p>\n<p>10. El client\/contractant accepta no utilitzar la meva veu per crear una versi\u00f3 sint\u00e8tica, ja sigui mitjan\u00e7ant t\u00e8cniques de processament de senyals d\u00e0udio, mitjan\u00e7ant l\u00fas de models dIntel\u00b7lig\u00e8ncia Artificial o Aprenentatge de<br \/>\nM\u00e0quines, o a trav\u00e9s de qualsevol altre mitj\u00e0.<\/p>\n<p>11. El client\/contractant accepta no utilitzar la meva veu per crear contingut engany\u00f3s o fals, com ara deepfakes o not\u00edcies falses, que puguin danyar la meva reputaci\u00f3, imatge p\u00fablica o impactar els meus drets morals o patrimonials<br \/>\nni els de cap tercer.<\/p>\n<p>12. El client\/contractant accepta no utilitzar la meva veu per a fins il\u00b7legals o immorals, o contrari de qualsevol altra forma a la bona fe i\/o l&#8217;ordre p\u00fablic, com ara la promoci\u00f3 de la viol\u00e8ncia, la discriminaci\u00f3 o l&#8217;odi cap a un grup de persones.<\/p>\n<p>13. El client\/contractant accepta no utilitzar la meva veu per crear continguts que es puguin considerar ofensius, discriminatoris o inapropiats per a certs p\u00fablics.<\/p>\n<p>14. El client\/contractant s&#8217;obliga a respectar i recon\u00e8ixer en tot moment els drets morals i patrimonials que em corresponen com a artista, int\u00e8rpret o executant d&#8217;acord amb les normes aplicables a cada territori.<\/p>\n<p>15. El client\/contractant accepta indemnitzar-me i defensar-me de qualsevol reclam, demanda o acci\u00f3 legal derivada del seu \u00fas de la meva veu, imatge o dades personals, incloent-hi els costos legals (incloent-hi els honoraris de<br \/>\nrepresentaci\u00f3 i defensa judicials o extrajudicials) i els danys i perjudicis de qualsevol tipus que pugui patir.<\/p>\n","protected":false},"excerpt":{"rendered":"<p>En aquest Av\u00eds Legal, l&#8217;Usuari, podr\u00e0 trobar tota la informaci\u00f3 relativa a les condicions legals que defineixen les relacions entre [&hellip;]<\/p>\n","protected":false},"author":1,"featured_media":0,"parent":0,"menu_order":0,"comment_status":"closed","ping_status":"closed","template":"","meta":{"footnotes":""},"class_list":["post-259","page","type-page","status-publish","hentry"],"yoast_head":"<!-- This site is optimized with the Yoast SEO plugin v26.4 - https:\/\/yoast.com\/wordpress\/plugins\/seo\/ -->\n<title>Av\u00eds Legal - Rosor Foret<\/title>\n<meta name=\"robots\" content=\"index, follow, max-snippet:-1, max-image-preview:large, max-video-preview:-1\" \/>\n<link rel=\"canonical\" href=\"https:\/\/rosorforet.com\/ca\/avis-legal\/\" \/>\n<meta property=\"og:locale\" content=\"ca_ES\" \/>\n<meta property=\"og:type\" content=\"article\" \/>\n<meta property=\"og:title\" content=\"Av\u00eds Legal - Rosor Foret\" \/>\n<meta property=\"og:description\" content=\"En aquest Av\u00eds Legal, l&#8217;Usuari, podr\u00e0 trobar tota la informaci\u00f3 relativa a les condicions legals que defineixen les relacions entre [&hellip;]\" \/>\n<meta property=\"og:url\" content=\"https:\/\/rosorforet.com\/ca\/avis-legal\/\" \/>\n<meta property=\"og:site_name\" content=\"Rosor Foret\" \/>\n<meta property=\"article:publisher\" content=\"https:\/\/www.facebook.com\/rosorforetlocutora\" \/>\n<meta property=\"article:modified_time\" content=\"2023-05-11T12:01:57+00:00\" \/>\n<meta name=\"twitter:card\" content=\"summary_large_image\" \/>\n<meta name=\"twitter:site\" content=\"@rosorforet\" \/>\n<meta name=\"twitter:label1\" content=\"Temps estimat de lectura\" \/>\n\t<meta name=\"twitter:data1\" content=\"8 minuts\" \/>\n<script type=\"application\/ld+json\" class=\"yoast-schema-graph\">{\"@context\":\"https:\/\/schema.org\",\"@graph\":[{\"@type\":\"WebPage\",\"@id\":\"https:\/\/rosorforet.com\/ca\/avis-legal\/\",\"url\":\"https:\/\/rosorforet.com\/ca\/avis-legal\/\",\"name\":\"Av\u00eds Legal - Rosor Foret\",\"isPartOf\":{\"@id\":\"https:\/\/rosorforet.com\/es\/#website\"},\"datePublished\":\"2022-09-21T06:50:04+00:00\",\"dateModified\":\"2023-05-11T12:01:57+00:00\",\"breadcrumb\":{\"@id\":\"https:\/\/rosorforet.com\/ca\/avis-legal\/#breadcrumb\"},\"inLanguage\":\"ca\",\"potentialAction\":[{\"@type\":\"ReadAction\",\"target\":[\"https:\/\/rosorforet.com\/ca\/avis-legal\/\"]}]},{\"@type\":\"BreadcrumbList\",\"@id\":\"https:\/\/rosorforet.com\/ca\/avis-legal\/#breadcrumb\",\"itemListElement\":[{\"@type\":\"ListItem\",\"position\":1,\"name\":\"Inici\",\"item\":\"https:\/\/rosorforet.com\/ca\/\"},{\"@type\":\"ListItem\",\"position\":2,\"name\":\"Av\u00eds Legal\"}]},{\"@type\":\"WebSite\",\"@id\":\"https:\/\/rosorforet.com\/es\/#website\",\"url\":\"https:\/\/rosorforet.com\/es\/\",\"name\":\"Rosor Foret\",\"description\":\"Locutora professional a Barcelona\",\"potentialAction\":[{\"@type\":\"SearchAction\",\"target\":{\"@type\":\"EntryPoint\",\"urlTemplate\":\"https:\/\/rosorforet.com\/es\/?s={search_term_string}\"},\"query-input\":{\"@type\":\"PropertyValueSpecification\",\"valueRequired\":true,\"valueName\":\"search_term_string\"}}],\"inLanguage\":\"ca\"}]}<\/script>\n<!-- \/ Yoast SEO plugin. -->","yoast_head_json":{"title":"Av\u00eds Legal - Rosor Foret","robots":{"index":"index","follow":"follow","max-snippet":"max-snippet:-1","max-image-preview":"max-image-preview:large","max-video-preview":"max-video-preview:-1"},"canonical":"https:\/\/rosorforet.com\/ca\/avis-legal\/","og_locale":"ca_ES","og_type":"article","og_title":"Av\u00eds Legal - Rosor Foret","og_description":"En aquest Av\u00eds Legal, l&#8217;Usuari, podr\u00e0 trobar tota la informaci\u00f3 relativa a les condicions legals que defineixen les relacions entre [&hellip;]","og_url":"https:\/\/rosorforet.com\/ca\/avis-legal\/","og_site_name":"Rosor Foret","article_publisher":"https:\/\/www.facebook.com\/rosorforetlocutora","article_modified_time":"2023-05-11T12:01:57+00:00","twitter_card":"summary_large_image","twitter_site":"@rosorforet","twitter_misc":{"Temps estimat de lectura":"8 minuts"},"schema":{"@context":"https:\/\/schema.org","@graph":[{"@type":"WebPage","@id":"https:\/\/rosorforet.com\/ca\/avis-legal\/","url":"https:\/\/rosorforet.com\/ca\/avis-legal\/","name":"Av\u00eds Legal - Rosor Foret","isPartOf":{"@id":"https:\/\/rosorforet.com\/es\/#website"},"datePublished":"2022-09-21T06:50:04+00:00","dateModified":"2023-05-11T12:01:57+00:00","breadcrumb":{"@id":"https:\/\/rosorforet.com\/ca\/avis-legal\/#breadcrumb"},"inLanguage":"ca","potentialAction":[{"@type":"ReadAction","target":["https:\/\/rosorforet.com\/ca\/avis-legal\/"]}]},{"@type":"BreadcrumbList","@id":"https:\/\/rosorforet.com\/ca\/avis-legal\/#breadcrumb","itemListElement":[{"@type":"ListItem","position":1,"name":"Inici","item":"https:\/\/rosorforet.com\/ca\/"},{"@type":"ListItem","position":2,"name":"Av\u00eds Legal"}]},{"@type":"WebSite","@id":"https:\/\/rosorforet.com\/es\/#website","url":"https:\/\/rosorforet.com\/es\/","name":"Rosor Foret","description":"Locutora professional a Barcelona","potentialAction":[{"@type":"SearchAction","target":{"@type":"EntryPoint","urlTemplate":"https:\/\/rosorforet.com\/es\/?s={search_term_string}"},"query-input":{"@type":"PropertyValueSpecification","valueRequired":true,"valueName":"search_term_string"}}],"inLanguage":"ca"}]}},"_links":{"self":[{"href":"https:\/\/rosorforet.com\/ca\/wp-json\/wp\/v2\/pages\/259","targetHints":{"allow":["GET"]}}],"collection":[{"href":"https:\/\/rosorforet.com\/ca\/wp-json\/wp\/v2\/pages"}],"about":[{"href":"https:\/\/rosorforet.com\/ca\/wp-json\/wp\/v2\/types\/page"}],"author":[{"embeddable":true,"href":"https:\/\/rosorforet.com\/ca\/wp-json\/wp\/v2\/users\/1"}],"replies":[{"embeddable":true,"href":"https:\/\/rosorforet.com\/ca\/wp-json\/wp\/v2\/comments?post=259"}],"version-history":[{"count":8,"href":"https:\/\/rosorforet.com\/ca\/wp-json\/wp\/v2\/pages\/259\/revisions"}],"predecessor-version":[{"id":976,"href":"https:\/\/rosorforet.com\/ca\/wp-json\/wp\/v2\/pages\/259\/revisions\/976"}],"wp:attachment":[{"href":"https:\/\/rosorforet.com\/ca\/wp-json\/wp\/v2\/media?parent=259"}],"curies":[{"name":"wp","href":"https:\/\/api.w.org\/{rel}","templated":true}]}}