{"id":14,"date":"2022-09-16T07:27:31","date_gmt":"2022-09-16T07:27:31","guid":{"rendered":"http:\/\/rosorforet.com\/?page_id=14"},"modified":"2026-04-19T20:15:48","modified_gmt":"2026-04-19T20:15:48","slug":"sobre-mi","status":"publish","type":"page","link":"https:\/\/rosorforet.com\/ca\/sobre-mi\/","title":{"rendered":"Sobre mi"},"content":{"rendered":"<div class=\"wpb-content-wrapper\"><p>[vc_row unlock_row_content=&#8221;yes&#8221; row_height_percent=&#8221;0&#8243; override_padding=&#8221;yes&#8221; h_padding=&#8221;2&#8243; top_padding=&#8221;0&#8243; bottom_padding=&#8221;2&#8243; overlay_alpha=&#8221;50&#8243; gutter_size=&#8221;3&#8243; column_width_percent=&#8221;100&#8243; shift_y=&#8221;0&#8243; z_index=&#8221;0&#8243; uncode_shortcode_id=&#8221;195496&#8243; el_class=&#8221;section-presentation&#8221; row_name=&#8221;profile&#8221;][vc_column column_width_percent=&#8221;100&#8243; gutter_size=&#8221;3&#8243; overlay_alpha=&#8221;50&#8243; shift_x=&#8221;0&#8243; shift_y=&#8221;0&#8243; shift_y_down=&#8221;0&#8243; z_index=&#8221;0&#8243; medium_width=&#8221;4&#8243; mobile_width=&#8221;0&#8243; width=&#8221;1\/2&#8243; uncode_shortcode_id=&#8221;679159&#8243;][vc_empty_space empty_h=&#8221;3&#8243; mobile_visibility=&#8221;yes&#8221;][vc_custom_heading uncode_shortcode_id=&#8221;217740&#8243;]Locutora professional a Barcelona[\/vc_custom_heading][vc_custom_heading heading_semantic=&#8221;h3&#8243; text_size=&#8221;h3&#8243; uncode_shortcode_id=&#8221;110865&#8243;]S\u00f3c veu homologada per la CCMA[\/vc_custom_heading][\/vc_column][vc_column column_width_percent=&#8221;100&#8243; gutter_size=&#8221;3&#8243; overlay_alpha=&#8221;50&#8243; shift_x=&#8221;0&#8243; shift_y=&#8221;-5&#8243; shift_y_down=&#8221;0&#8243; z_index=&#8221;0&#8243; medium_width=&#8221;4&#8243; mobile_width=&#8221;0&#8243; width=&#8221;4\/12&#8243; uncode_shortcode_id=&#8221;320341&#8243;][vc_single_image media=&#8221;1357&#8243; media_width_percent=&#8221;100&#8243; css_animation=&#8221;parallax&#8221; parallax_intensity=&#8221;3&#8243; uncode_shortcode_id=&#8221;359736&#8243;][\/vc_column][vc_column column_width_percent=&#8221;21&#8243; gutter_size=&#8221;1&#8243; overlay_alpha=&#8221;50&#8243; shift_x=&#8221;0&#8243; shift_y=&#8221;0&#8243; shift_y_down=&#8221;0&#8243; z_index=&#8221;0&#8243; medium_visibility=&#8221;yes&#8221; medium_width=&#8221;0&#8243; mobile_visibility=&#8221;yes&#8221; mobile_width=&#8221;0&#8243; width=&#8221;2\/12&#8243; uncode_shortcode_id=&#8221;171163&#8243;][\/vc_column][\/vc_row][vc_row unlock_row_content=&#8221;yes&#8221; row_height_percent=&#8221;0&#8243; override_padding=&#8221;yes&#8221; h_padding=&#8221;2&#8243; top_padding=&#8221;0&#8243; bottom_padding=&#8221;2&#8243; overlay_alpha=&#8221;50&#8243; gutter_size=&#8221;4&#8243; column_width_percent=&#8221;100&#8243; shift_y=&#8221;0&#8243; z_index=&#8221;0&#8243; uncode_shortcode_id=&#8221;782357&#8243;][vc_column column_width_percent=&#8221;100&#8243; gutter_size=&#8221;3&#8243; overlay_alpha=&#8221;50&#8243; shift_x=&#8221;0&#8243; shift_y=&#8221;0&#8243; shift_y_down=&#8221;0&#8243; z_index=&#8221;0&#8243; medium_width=&#8221;4&#8243; mobile_width=&#8221;0&#8243; width=&#8221;1\/3&#8243; uncode_shortcode_id=&#8221;771977&#8243;][vc_custom_heading heading_semantic=&#8221;h4&#8243; text_size=&#8221;h4&#8243; uncode_shortcode_id=&#8221;507156&#8243;]Formaci\u00f3 i perfil professional[\/vc_custom_heading][vc_column_text uncode_shortcode_id=&#8221;176207&#8243; css=&#8221;.vc_custom_1776606794058{margin-top: 16px !important;}&#8221;]Vaig cursar Comunicaci\u00f3 Audiovisual a la Universitat Pompeu Fabra de Barcelona, i em vaig especialitzar en locuci\u00f3 despr\u00e9s d\u2019un recorregut per diversos \u00e0mbits dels mitjans de comunicaci\u00f3.<\/p>\n<p>Per aprofundir en la t\u00e8cnica, vaig completar un Postgrau de locuci\u00f3 en r\u00e0dio i televisi\u00f3 a l\u2019Institut d\u2019Educaci\u00f3 Cont\u00ednua.<\/p>\n<p>Tamb\u00e9 m\u2019he format en disseny de so digital (Emory University, Atlanta) i en disciplines com el doblatge, Fitzmaurice Voicework\u00ae o Estill Voice Training\u00ae, entre d&#8217;altres.[\/vc_column_text][\/vc_column][vc_column column_width_percent=&#8221;100&#8243; gutter_size=&#8221;3&#8243; overlay_alpha=&#8221;50&#8243; shift_x=&#8221;0&#8243; shift_y=&#8221;0&#8243; shift_y_down=&#8221;0&#8243; z_index=&#8221;0&#8243; medium_width=&#8221;4&#8243; mobile_width=&#8221;0&#8243; width=&#8221;1\/3&#8243; uncode_shortcode_id=&#8221;100638&#8243;][vc_custom_heading heading_semantic=&#8221;h4&#8243; text_size=&#8221;h4&#8243; uncode_shortcode_id=&#8221;129051&#8243;]Experi\u00e8ncia[\/vc_custom_heading][vc_column_text uncode_shortcode_id=&#8221;956224&#8243; css=&#8221;.vc_custom_1776460998665{margin-top: 16px !important;}&#8221;]Fa m\u00e9s de 15 anys que treballo com a locutora <em>freelance<\/em> des del meu estudi a Barcelona. Els meus inicis van ser a la r\u00e0dio local de Palam\u00f3s.<\/p>\n<p>La formaci\u00f3 musical m\u2019ha ajudat a desenvolupar una escolta precisa del ritme, el to i el timbre: elements clau en aquesta professi\u00f3.<\/p>\n<p>Amb el temps, he treballat en projectes molt diversos per a clients de tot el m\u00f3n. A m\u00e9s, com a fundadora de Locutors Catalans, tinc una visi\u00f3 global del sector i del proc\u00e9s de selecci\u00f3 i direcci\u00f3 de veus, tant a nivell local com internacional.[\/vc_column_text][\/vc_column][vc_column column_width_percent=&#8221;100&#8243; gutter_size=&#8221;3&#8243; overlay_alpha=&#8221;50&#8243; shift_x=&#8221;0&#8243; shift_y=&#8221;-5&#8243; shift_y_down=&#8221;0&#8243; z_index=&#8221;10&#8243; medium_width=&#8221;0&#8243; mobile_width=&#8221;0&#8243; width=&#8221;1\/3&#8243; uncode_shortcode_id=&#8221;302340&#8243; el_class=&#8221;sobre-mi-highlight&#8221;][vc_empty_space empty_h=&#8221;3&#8243; desktop_visibility=&#8221;yes&#8221; mobile_visibility=&#8221;yes&#8221;][vc_row_inner row_inner_height_percent=&#8221;0&#8243; back_color=&#8221;color-495722&#8243; overlay_alpha=&#8221;50&#8243; gutter_size=&#8221;3&#8243; shift_y=&#8221;0&#8243; z_index=&#8221;10&#8243; uncode_shortcode_id=&#8221;162348&#8243; back_color_type=&#8221;uncode-palette&#8221;][vc_column_inner column_width_percent=&#8221;100&#8243; gutter_size=&#8221;3&#8243; override_padding=&#8221;yes&#8221; column_padding=&#8221;2&#8243; overlay_alpha=&#8221;50&#8243; shift_x=&#8221;0&#8243; shift_y=&#8221;0&#8243; shift_y_down=&#8221;0&#8243; z_index=&#8221;0&#8243; medium_width=&#8221;0&#8243; mobile_width=&#8221;0&#8243; width=&#8221;1\/1&#8243; uncode_shortcode_id=&#8221;533765&#8243;][vc_custom_heading heading_semantic=&#8221;h3&#8243; text_size=&#8221;h3&#8243; uncode_shortcode_id=&#8221;197429&#8243;]Necessites m\u00e9s veus per al teu projecte?[\/vc_custom_heading][vc_column_text uncode_shortcode_id=&#8221;163245&#8243;]El 2015 vaig impulsar la creaci\u00f3 d\u2019una ag\u00e8ncia de locutors en catal\u00e0 (locutorscatalans.cat). Avui oferim veus en tots els idiomes per a clients nacionals i internacionals.[\/vc_column_text][vc_empty_space empty_h=&#8221;3&#8243;][vc_button size=&#8221;link&#8221; link=&#8221;url:https%3A%2F%2Flocutorscatalans.cat|target:_blank&#8221; uncode_shortcode_id=&#8221;968212&#8243; el_class=&#8221;simple-link&#8221;]Descobreix Locutors Catalans[\/vc_button][\/vc_column_inner][\/vc_row_inner][\/vc_column][\/vc_row][vc_row row_height_percent=&#8221;0&#8243; overlay_alpha=&#8221;50&#8243; gutter_size=&#8221;3&#8243; column_width_percent=&#8221;100&#8243; shift_y=&#8221;0&#8243; z_index=&#8221;0&#8243; uncode_shortcode_id=&#8221;165713&#8243;][vc_column width=&#8221;1\/1&#8243;][vc_custom_heading heading_semantic=&#8221;h3&#8243; uncode_shortcode_id=&#8221;172422&#8243;]Aparicions en premsa[\/vc_custom_heading][vc_separator sep_color=&#8221;,Default&#8221;][uncode_index el_id=&#8221;index-119573&#8243; index_type=&#8221;titles&#8221; loop=&#8221;size:All|order_by:date|post_type:post|taxonomy_count:10&#8243; titles_display=&#8221;inline&#8221; gutter_size=&#8221;2&#8243; drop_image_separator=&#8221;slash&#8221; drop_image_time=&#8221;250&#8243; drop_radius=&#8221;&#8221; single_title_dimension=&#8221;h3&#8243; uncode_shortcode_id=&#8221;509796&#8243; items=&#8221;eyIzMjVfaSI6eyJzaW5nbGVfbGluayI6InVybDpodHRwcyUzQSUyRiUyRnd3dy5pdXJpc2RvYy5jb20lMkZlbnRyZXZpc3RhLWF1ZGlvLXJvc29yLWZvcmV0JTJGfHRhcmdldDpfYmxhbmsifSwiNTIwX2kiOnsic2luZ2xlX2xpbmsiOiJ1cmw6aHR0cHMlM0ElMkYlMkZ3d3cuZ2FzdHJvdGFsa2Vycy5jYXQlMkZub3RpY2lhJTJGMjc1JTJGZmVtLXRvYy1hbWItZ2FzdHJvbm9taWNhfHRhcmdldDpfYmxhbmsifSwiMzI5X2kiOnsic2luZ2xlX2xpbmsiOiJ1cmw6aHR0cHMlM0ElMkYlMkZ3d3cuYmNuY2F0ZmlsbWNvbW1pc3Npb24uY29tJTJGY2ElMkZub3RpY2llcyUyRnJvc29yLWZvcmV0LW1vbHRhLWdlbnQtcGVuc2EtcXVlLWxvY3V0YXItJTI1QzMlMjVBOXMtdW5hLWNvc2EtcXVlLWVzdCUyNUMzJTI1QTAtbCUyNUUyJTI1ODAlMjU5OWFiYXN0LWRlLXRvdGhvbS1wZXJxdSUyNUMzJTI1QTgtdG90c3x0YXJnZXQ6X2JsYW5rIn19&#8243;][\/vc_column][\/vc_row]<\/p>\n<\/div>","protected":false},"excerpt":{"rendered":"<p>Locutora professional a Barcelona amb m\u00e9s de 15 anys d\u2019experi\u00e8ncia i una visi\u00f3 global del sector de la veu.<\/p>\n","protected":false},"author":1,"featured_media":0,"parent":0,"menu_order":0,"comment_status":"closed","ping_status":"closed","template":"","meta":{"footnotes":""},"class_list":["post-14","page","type-page","status-publish","hentry"],"yoast_head":"<!-- This site is optimized with the Yoast SEO plugin v26.4 - https:\/\/yoast.com\/wordpress\/plugins\/seo\/ -->\n<title>Rosor Foret | Locutora professional a Barcelona<\/title>\n<meta name=\"description\" content=\"Rosor Foret, locutora professional a Barcelona amb m\u00e9s de 15 anys d\u2019experi\u00e8ncia en projectes publicitaris, corporatius i audiovisuals.\" \/>\n<meta name=\"robots\" content=\"index, follow, max-snippet:-1, max-image-preview:large, max-video-preview:-1\" \/>\n<link rel=\"canonical\" href=\"https:\/\/rosorforet.com\/ca\/sobre-mi\/\" \/>\n<meta property=\"og:locale\" content=\"ca_ES\" \/>\n<meta property=\"og:type\" content=\"article\" \/>\n<meta property=\"og:title\" content=\"Rosor Foret | Locutora professional a Barcelona\" \/>\n<meta property=\"og:description\" content=\"Rosor Foret, locutora professional a Barcelona amb m\u00e9s de 15 anys d\u2019experi\u00e8ncia en projectes publicitaris, corporatius i audiovisuals.\" \/>\n<meta property=\"og:url\" content=\"https:\/\/rosorforet.com\/ca\/sobre-mi\/\" \/>\n<meta property=\"og:site_name\" content=\"Rosor Foret\" \/>\n<meta property=\"article:publisher\" content=\"https:\/\/www.facebook.com\/rosorforetlocutora\" \/>\n<meta property=\"article:modified_time\" content=\"2026-04-19T20:15:48+00:00\" \/>\n<meta name=\"twitter:card\" content=\"summary_large_image\" \/>\n<meta name=\"twitter:site\" content=\"@rosorforet\" \/>\n<meta name=\"twitter:label1\" content=\"Temps estimat de lectura\" \/>\n\t<meta name=\"twitter:data1\" content=\"3 minuts\" \/>\n<script type=\"application\/ld+json\" class=\"yoast-schema-graph\">{\"@context\":\"https:\/\/schema.org\",\"@graph\":[{\"@type\":\"WebPage\",\"@id\":\"https:\/\/rosorforet.com\/ca\/sobre-mi\/\",\"url\":\"https:\/\/rosorforet.com\/ca\/sobre-mi\/\",\"name\":\"Rosor Foret | Locutora professional a Barcelona\",\"isPartOf\":{\"@id\":\"https:\/\/rosorforet.com\/es\/#website\"},\"datePublished\":\"2022-09-16T07:27:31+00:00\",\"dateModified\":\"2026-04-19T20:15:48+00:00\",\"description\":\"Rosor Foret, locutora professional a Barcelona amb m\u00e9s de 15 anys d\u2019experi\u00e8ncia en projectes publicitaris, corporatius i audiovisuals.\",\"breadcrumb\":{\"@id\":\"https:\/\/rosorforet.com\/ca\/sobre-mi\/#breadcrumb\"},\"inLanguage\":\"ca\",\"potentialAction\":[{\"@type\":\"ReadAction\",\"target\":[\"https:\/\/rosorforet.com\/ca\/sobre-mi\/\"]}]},{\"@type\":\"BreadcrumbList\",\"@id\":\"https:\/\/rosorforet.com\/ca\/sobre-mi\/#breadcrumb\",\"itemListElement\":[{\"@type\":\"ListItem\",\"position\":1,\"name\":\"Inici\",\"item\":\"https:\/\/rosorforet.com\/ca\/\"},{\"@type\":\"ListItem\",\"position\":2,\"name\":\"Sobre mi\"}]},{\"@type\":\"WebSite\",\"@id\":\"https:\/\/rosorforet.com\/es\/#website\",\"url\":\"https:\/\/rosorforet.com\/es\/\",\"name\":\"Rosor Foret\",\"description\":\"Locutora professional a Barcelona\",\"potentialAction\":[{\"@type\":\"SearchAction\",\"target\":{\"@type\":\"EntryPoint\",\"urlTemplate\":\"https:\/\/rosorforet.com\/es\/?s={search_term_string}\"},\"query-input\":{\"@type\":\"PropertyValueSpecification\",\"valueRequired\":true,\"valueName\":\"search_term_string\"}}],\"inLanguage\":\"ca\"}]}<\/script>\n<!-- \/ Yoast SEO plugin. -->","yoast_head_json":{"title":"Rosor Foret | Locutora professional a Barcelona","description":"Rosor Foret, locutora professional a Barcelona amb m\u00e9s de 15 anys d\u2019experi\u00e8ncia en projectes publicitaris, corporatius i audiovisuals.","robots":{"index":"index","follow":"follow","max-snippet":"max-snippet:-1","max-image-preview":"max-image-preview:large","max-video-preview":"max-video-preview:-1"},"canonical":"https:\/\/rosorforet.com\/ca\/sobre-mi\/","og_locale":"ca_ES","og_type":"article","og_title":"Rosor Foret | Locutora professional a Barcelona","og_description":"Rosor Foret, locutora professional a Barcelona amb m\u00e9s de 15 anys d\u2019experi\u00e8ncia en projectes publicitaris, corporatius i audiovisuals.","og_url":"https:\/\/rosorforet.com\/ca\/sobre-mi\/","og_site_name":"Rosor Foret","article_publisher":"https:\/\/www.facebook.com\/rosorforetlocutora","article_modified_time":"2026-04-19T20:15:48+00:00","twitter_card":"summary_large_image","twitter_site":"@rosorforet","twitter_misc":{"Temps estimat de lectura":"3 minuts"},"schema":{"@context":"https:\/\/schema.org","@graph":[{"@type":"WebPage","@id":"https:\/\/rosorforet.com\/ca\/sobre-mi\/","url":"https:\/\/rosorforet.com\/ca\/sobre-mi\/","name":"Rosor Foret | Locutora professional a Barcelona","isPartOf":{"@id":"https:\/\/rosorforet.com\/es\/#website"},"datePublished":"2022-09-16T07:27:31+00:00","dateModified":"2026-04-19T20:15:48+00:00","description":"Rosor Foret, locutora professional a Barcelona amb m\u00e9s de 15 anys d\u2019experi\u00e8ncia en projectes publicitaris, corporatius i audiovisuals.","breadcrumb":{"@id":"https:\/\/rosorforet.com\/ca\/sobre-mi\/#breadcrumb"},"inLanguage":"ca","potentialAction":[{"@type":"ReadAction","target":["https:\/\/rosorforet.com\/ca\/sobre-mi\/"]}]},{"@type":"BreadcrumbList","@id":"https:\/\/rosorforet.com\/ca\/sobre-mi\/#breadcrumb","itemListElement":[{"@type":"ListItem","position":1,"name":"Inici","item":"https:\/\/rosorforet.com\/ca\/"},{"@type":"ListItem","position":2,"name":"Sobre mi"}]},{"@type":"WebSite","@id":"https:\/\/rosorforet.com\/es\/#website","url":"https:\/\/rosorforet.com\/es\/","name":"Rosor Foret","description":"Locutora professional a Barcelona","potentialAction":[{"@type":"SearchAction","target":{"@type":"EntryPoint","urlTemplate":"https:\/\/rosorforet.com\/es\/?s={search_term_string}"},"query-input":{"@type":"PropertyValueSpecification","valueRequired":true,"valueName":"search_term_string"}}],"inLanguage":"ca"}]}},"_links":{"self":[{"href":"https:\/\/rosorforet.com\/ca\/wp-json\/wp\/v2\/pages\/14","targetHints":{"allow":["GET"]}}],"collection":[{"href":"https:\/\/rosorforet.com\/ca\/wp-json\/wp\/v2\/pages"}],"about":[{"href":"https:\/\/rosorforet.com\/ca\/wp-json\/wp\/v2\/types\/page"}],"author":[{"embeddable":true,"href":"https:\/\/rosorforet.com\/ca\/wp-json\/wp\/v2\/users\/1"}],"replies":[{"embeddable":true,"href":"https:\/\/rosorforet.com\/ca\/wp-json\/wp\/v2\/comments?post=14"}],"version-history":[{"count":66,"href":"https:\/\/rosorforet.com\/ca\/wp-json\/wp\/v2\/pages\/14\/revisions"}],"predecessor-version":[{"id":1358,"href":"https:\/\/rosorforet.com\/ca\/wp-json\/wp\/v2\/pages\/14\/revisions\/1358"}],"wp:attachment":[{"href":"https:\/\/rosorforet.com\/ca\/wp-json\/wp\/v2\/media?parent=14"}],"curies":[{"name":"wp","href":"https:\/\/api.w.org\/{rel}","templated":true}]}}