{"id":11,"date":"2022-09-16T07:26:58","date_gmt":"2022-09-16T07:26:58","guid":{"rendered":"http:\/\/rosorforet.com\/?page_id=11"},"modified":"2026-04-19T21:11:12","modified_gmt":"2026-04-19T21:11:12","slug":"rosor-foret-locutora","status":"publish","type":"page","link":"https:\/\/rosorforet.com\/ca\/","title":{"rendered":"Locutora professional a Barcelona \u00b7 Rosor Foret"},"content":{"rendered":"<div class=\"wpb-content-wrapper\"><p>[vc_row unlock_row_content=&#8221;yes&#8221; row_height_percent=&#8221;0&#8243; overlay_alpha=&#8221;50&#8243; gutter_size=&#8221;3&#8243; column_width_percent=&#8221;100&#8243; shift_y=&#8221;0&#8243; z_index=&#8221;0&#8243; uncode_shortcode_id=&#8221;103708&#8243; el_class=&#8221;section-presentation&#8221; row_name=&#8221;profile&#8221;][vc_column column_width_percent=&#8221;100&#8243; gutter_size=&#8221;3&#8243; overlay_alpha=&#8221;50&#8243; shift_x=&#8221;0&#8243; shift_y=&#8221;0&#8243; shift_y_down=&#8221;0&#8243; z_index=&#8221;0&#8243; medium_width=&#8221;4&#8243; mobile_width=&#8221;0&#8243; width=&#8221;1\/2&#8243; uncode_shortcode_id=&#8221;452264&#8243;][vc_empty_space empty_h=&#8221;3&#8243; mobile_visibility=&#8221;yes&#8221;][vc_custom_heading uncode_shortcode_id=&#8221;136677&#8243;]Com treballo[\/vc_custom_heading][vc_custom_heading heading_semantic=&#8221;h3&#8243; text_size=&#8221;h3&#8243; uncode_shortcode_id=&#8221;157622&#8243;]Gravaci\u00f3 en estudi professional.<br \/>\nInterpretaci\u00f3 ajustada a cada projecte.<br \/>\nOpci\u00f3 de direcci\u00f3 en remot.[\/vc_custom_heading][\/vc_column][vc_column column_width_percent=&#8221;100&#8243; gutter_size=&#8221;3&#8243; overlay_alpha=&#8221;50&#8243; shift_x=&#8221;0&#8243; shift_y=&#8221;-5&#8243; shift_y_down=&#8221;0&#8243; z_index=&#8221;0&#8243; medium_width=&#8221;4&#8243; mobile_width=&#8221;0&#8243; width=&#8221;4\/12&#8243; uncode_shortcode_id=&#8221;107381&#8243;][vc_single_image media=&#8221;102&#8243; media_width_percent=&#8221;100&#8243; css_animation=&#8221;parallax&#8221; parallax_intensity=&#8221;3&#8243; uncode_shortcode_id=&#8221;187611&#8243;][\/vc_column][vc_column column_width_percent=&#8221;100&#8243; gutter_size=&#8221;3&#8243; overlay_alpha=&#8221;50&#8243; shift_x=&#8221;0&#8243; shift_y=&#8221;0&#8243; shift_y_down=&#8221;0&#8243; z_index=&#8221;0&#8243; medium_visibility=&#8221;yes&#8221; medium_width=&#8221;0&#8243; mobile_visibility=&#8221;yes&#8221; mobile_width=&#8221;0&#8243; width=&#8221;2\/12&#8243; uncode_shortcode_id=&#8221;133021&#8243;][\/vc_column][\/vc_row][vc_row unlock_row_content=&#8221;yes&#8221; row_height_percent=&#8221;0&#8243; override_padding=&#8221;yes&#8221; h_padding=&#8221;2&#8243; top_padding=&#8221;0&#8243; bottom_padding=&#8221;2&#8243; overlay_alpha=&#8221;50&#8243; gutter_size=&#8221;4&#8243; column_width_percent=&#8221;100&#8243; shift_y=&#8221;0&#8243; z_index=&#8221;0&#8243; uncode_shortcode_id=&#8221;782357&#8243;][vc_column column_width_percent=&#8221;100&#8243; gutter_size=&#8221;3&#8243; overlay_alpha=&#8221;50&#8243; shift_x=&#8221;0&#8243; shift_y=&#8221;0&#8243; shift_y_down=&#8221;0&#8243; z_index=&#8221;0&#8243; medium_width=&#8221;3&#8243; mobile_width=&#8221;0&#8243; width=&#8221;1\/3&#8243; uncode_shortcode_id=&#8221;167888&#8243;][vc_custom_heading heading_semantic=&#8221;h4&#8243; text_size=&#8221;h4&#8243; uncode_shortcode_id=&#8221;462113&#8243;]Traject\u00f2ria[\/vc_custom_heading][vc_column_text uncode_shortcode_id=&#8221;140848&#8243; css=&#8221;.vc_custom_1776450102161{margin-top: 16px !important;}&#8221;]M\u00e9s d&#8217;una d\u00e8cada donant veu a projectes audiovisuals. Col\u00b7laboradora del 30 Minuts (TV3) i veu d\u2019Innovamat en catal\u00e0 i castell\u00e0. Impulsora de <a href=\"http:\/\/locutorscatalans.cat\">Locutors Catalans.<\/a>[\/vc_column_text][\/vc_column][vc_column column_width_percent=&#8221;100&#8243; gutter_size=&#8221;3&#8243; overlay_alpha=&#8221;50&#8243; shift_x=&#8221;0&#8243; shift_y=&#8221;0&#8243; shift_y_down=&#8221;0&#8243; z_index=&#8221;0&#8243; medium_width=&#8221;3&#8243; mobile_width=&#8221;0&#8243; width=&#8221;1\/3&#8243; uncode_shortcode_id=&#8221;122807&#8243;][vc_custom_heading heading_semantic=&#8221;h4&#8243; text_size=&#8221;h4&#8243; uncode_shortcode_id=&#8221;161592&#8243;]Idiomes[\/vc_custom_heading][vc_column_text uncode_shortcode_id=&#8221;194075&#8243; css=&#8221;.vc_custom_1776449729297{margin-top: 16px !important;}&#8221;]Catal\u00e0 i castell\u00e0 nadius. Gravaci\u00f3 en angl\u00e8s i franc\u00e8s com a segones lleng\u00fces. Accent catal\u00e0 central, amb variants de Girona o l&#8217;Empord\u00e0 si el projecte ho demana.[\/vc_column_text][\/vc_column][vc_column column_width_percent=&#8221;100&#8243; gutter_size=&#8221;3&#8243; overlay_alpha=&#8221;50&#8243; shift_x=&#8221;0&#8243; shift_y=&#8221;0&#8243; shift_y_down=&#8221;0&#8243; z_index=&#8221;0&#8243; medium_width=&#8221;3&#8243; mobile_width=&#8221;0&#8243; width=&#8221;1\/3&#8243; uncode_shortcode_id=&#8221;120299&#8243;][vc_custom_heading heading_semantic=&#8221;h4&#8243; text_size=&#8221;h4&#8243; uncode_shortcode_id=&#8221;255783&#8243;]Estudi propi a Barcelona[\/vc_custom_heading][vc_column_text uncode_shortcode_id=&#8221;595991&#8243; css=&#8221;.vc_custom_1776450840763{margin-top: 16px !important;}&#8221;]Equipament d\u2019\u00e0udio professional. Connexi\u00f3 en remot per a gravacions dirigides. Disponibilitat per a sessions en estudis externs.[\/vc_column_text][\/vc_column][\/vc_row][vc_row unlock_row_content=&#8221;yes&#8221; row_height_percent=&#8221;0&#8243; override_padding=&#8221;yes&#8221; h_padding=&#8221;0&#8243; top_padding=&#8221;5&#8243; bottom_padding=&#8221;2&#8243; overlay_alpha=&#8221;50&#8243; gutter_size=&#8221;4&#8243; column_width_percent=&#8221;100&#8243; shift_y=&#8221;0&#8243; z_index=&#8221;0&#8243; uncode_shortcode_id=&#8221;120154&#8243;][vc_column column_width_percent=&#8221;100&#8243; align_horizontal=&#8221;align_right&#8221; gutter_size=&#8221;3&#8243; back_color=&#8221;color-187555&#8243; overlay_alpha=&#8221;50&#8243; shift_x=&#8221;0&#8243; shift_y=&#8221;0&#8243; shift_y_down=&#8221;0&#8243; z_index=&#8221;0&#8243; medium_width=&#8221;4&#8243; mobile_width=&#8221;0&#8243; width=&#8221;4\/12&#8243; uncode_shortcode_id=&#8221;688145&#8243; back_color_type=&#8221;uncode-palette&#8221;][vc_row_inner row_inner_height_percent=&#8221;0&#8243; overlay_alpha=&#8221;50&#8243; gutter_size=&#8221;3&#8243; shift_y=&#8221;-5&#8243; z_index=&#8221;10&#8243; uncode_shortcode_id=&#8221;153124&#8243;][vc_column_inner column_width_percent=&#8221;100&#8243; gutter_size=&#8221;3&#8243; overlay_alpha=&#8221;50&#8243; shift_x=&#8221;4&#8243; shift_y=&#8221;-5&#8243; shift_y_down=&#8221;0&#8243; z_index=&#8221;0&#8243; medium_width=&#8221;0&#8243; mobile_width=&#8221;0&#8243; width=&#8221;1\/1&#8243; uncode_shortcode_id=&#8221;211860&#8243;][vc_single_image media=&#8221;124&#8243; media_width_percent=&#8221;100&#8243; css_animation=&#8221;parallax&#8221; parallax_intensity=&#8221;3&#8243; uncode_shortcode_id=&#8221;133649&#8243; el_class=&#8221;headphones-img&#8221;][\/vc_column_inner][\/vc_row_inner][\/vc_column][vc_column column_width_percent=&#8221;100&#8243; position_vertical=&#8221;middle&#8221; gutter_size=&#8221;3&#8243; override_padding=&#8221;yes&#8221; column_padding=&#8221;3&#8243; overlay_alpha=&#8221;50&#8243; shift_x=&#8221;0&#8243; shift_y=&#8221;0&#8243; shift_y_down=&#8221;0&#8243; z_index=&#8221;0&#8243; medium_width=&#8221;4&#8243; mobile_width=&#8221;0&#8243; width=&#8221;8\/12&#8243; uncode_shortcode_id=&#8221;433022&#8243;][vc_custom_heading uncode_shortcode_id=&#8221;826051&#8243;]En qu\u00e8<br \/>\net puc ajudar[\/vc_custom_heading][vc_custom_heading heading_semantic=&#8221;h3&#8243; text_size=&#8221;h3&#8243; uncode_shortcode_id=&#8221;213408&#8243;][\/vc_custom_heading][\/vc_column][\/vc_row][vc_row unlock_row_content=&#8221;yes&#8221; row_height_percent=&#8221;0&#8243; override_padding=&#8221;yes&#8221; h_padding=&#8221;0&#8243; top_padding=&#8221;0&#8243; bottom_padding=&#8221;2&#8243; overlay_alpha=&#8221;50&#8243; gutter_size=&#8221;3&#8243; column_width_percent=&#8221;100&#8243; shift_y=&#8221;-5&#8243; z_index=&#8221;0&#8243; uncode_shortcode_id=&#8221;179999&#8243; css=&#8221;.vc_custom_1663597361589{margin-top: 0px !important;}&#8221;][vc_column width=&#8221;2\/12&#8243;][\/vc_column][vc_column column_width_percent=&#8221;100&#8243; gutter_size=&#8221;3&#8243; override_padding=&#8221;yes&#8221; column_padding=&#8221;0&#8243; overlay_alpha=&#8221;50&#8243; shift_x=&#8221;0&#8243; shift_y=&#8221;-5&#8243; shift_y_down=&#8221;0&#8243; z_index=&#8221;0&#8243; medium_width=&#8221;0&#8243; mobile_width=&#8221;0&#8243; width=&#8221;10\/12&#8243; uncode_shortcode_id=&#8221;171882&#8243; el_class=&#8221;slider-serveis-container&#8221;][uncode_index el_id=&#8221;index-830480&#8243; index_type=&#8221;carousel&#8221; loop=&#8221;size:All|order_by:date|order:ASC|post_type:page|tax_query:4|taxonomy_count:10&#8243; carousel_lg=&#8221;3&#8243; carousel_md=&#8221;2&#8243; carousel_sm=&#8221;1&#8243; gutter_size=&#8221;1&#8243; page_items=&#8221;media|featured|onpost|original,title,text|excerpt,link|link|default_size&#8221; carousel_height=&#8221;equal&#8221; carousel_interval=&#8221;10000&#8243; carousel_navspeed=&#8221;400&#8243; carousel_overflow=&#8221;yes&#8221; carousel_dots=&#8221;yes&#8221; carousel_dots_mobile=&#8221;yes&#8221; carousel_dot_position=&#8221;left&#8221; carousel_width_percent=&#8221;100&#8243; stage_padding=&#8221;10&#8243; single_style=&#8221;dark&#8221; single_back_color=&#8221;accent&#8221; single_overlay_opacity=&#8221;50&#8243; single_image_anim=&#8221;no&#8221; single_padding=&#8221;2&#8243; single_title_dimension=&#8221;h4&#8243; single_border=&#8221;yes&#8221; uncode_shortcode_id=&#8221;725412&#8243; el_class=&#8221;slider-serveis&#8221; items=&#8221;eyIxMzNfaSI6eyJzaW5nbGVfbGluayI6InVybDolMjNkZW1vc3x0aXRsZTpEZW1vcyIsInJlYWRfbW9yZV90ZXh0IjoiRXNjb2x0YXIgZGVtb3MiLCJzaW5nbGVfbGF5b3V0X3BhZ2VfaXRlbXMiOiJtZWRpYXxmZWF0dXJlZHxvbnBvc3R8b3JpZ2luYWwsdGl0bGV8LSx0ZXh0fGV4Y2VycHQsc3BhY2VyfGhhbGYifSwiMThfaSI6eyJyZWFkX21vcmVfdGV4dCI6IlZldXJlIHByb2plY3RlcyIsInNpbmdsZV9sYXlvdXRfcGFnZV9pdGVtcyI6Im1lZGlhfGZlYXR1cmVkfG9ucG9zdHxvcmlnaW5hbCx0aXRsZSx0ZXh0fGV4Y2VycHQsbGlua3xsaW5rfGRlZmF1bHRfc2l6ZSJ9LCIxNDRfaSI6eyJyZWFkX21vcmVfdGV4dCI6IlZpc2l0YSBlbCB3ZWIiLCJzaW5nbGVfbGF5b3V0X3BhZ2VfaXRlbXMiOiJtZWRpYXxmZWF0dXJlZHxvbnBvc3R8b3JpZ2luYWwsdGl0bGV8LSx0ZXh0fGV4Y2VycHQsc3BhY2VyfGhhbGYiLCJzaW5nbGVfbGluayI6InVybDpodHRwcyUzQSUyRiUyRmxvY3V0b3JzY2F0YWxhbnMuY2F0fHRhcmdldDpfYmxhbmsifSwiMTQ2X2kiOnsicmVhZF9tb3JlX3RleHQiOiJEZW1hbmEgdW4gcHJlc3N1cG9zdCIsInNpbmdsZV9sYXlvdXRfcGFnZV9pdGVtcyI6Im1lZGlhfGZlYXR1cmVkfG9ucG9zdHxvcmlnaW5hbCx0aXRsZXwtLHRleHR8ZXhjZXJwdCxzcGFjZXJ8aGFsZiIsInNpbmdsZV9saW5rIjoidXJsOiUyM2NvbnRhY3QifX0=&#8221;][\/vc_column][\/vc_row][vc_row][vc_column width=&#8221;1\/1&#8243;][uncode_block id=&#8221;271&#8243;][\/vc_column][\/vc_row][vc_row][vc_column width=&#8221;1\/1&#8243;][uncode_block id=&#8221;278&#8243;][\/vc_column][\/vc_row]<\/p>\n<\/div>","protected":false},"excerpt":{"rendered":"<p>Locutora professional a Barcelona amb veu natural i vers\u00e0til. Treballo en catal\u00e0 i castell\u00e0 per a projectes publicitaris, corporatius i audiovisuals.<\/p>\n","protected":false},"author":1,"featured_media":0,"parent":0,"menu_order":0,"comment_status":"closed","ping_status":"closed","template":"","meta":{"footnotes":""},"class_list":["post-11","page","type-page","status-publish","hentry"],"yoast_head":"<!-- This site is optimized with the Yoast SEO plugin v26.4 - https:\/\/yoast.com\/wordpress\/plugins\/seo\/ -->\n<title>Locutora professional a Barcelona | Rosor Foret<\/title>\n<meta name=\"description\" content=\"Locutora professional a Barcelona en catal\u00e0 i castell\u00e0. Veu natural i vers\u00e0til per a projectes publicitaris i corporatius.\" \/>\n<meta name=\"robots\" content=\"index, follow, max-snippet:-1, max-image-preview:large, max-video-preview:-1\" \/>\n<link rel=\"canonical\" href=\"https:\/\/rosorforet.com\/ca\/\" \/>\n<meta property=\"og:locale\" content=\"ca_ES\" \/>\n<meta property=\"og:type\" content=\"article\" \/>\n<meta property=\"og:title\" content=\"Locutora professional a Barcelona | Rosor Foret\" \/>\n<meta property=\"og:description\" content=\"Locutora professional a Barcelona en catal\u00e0 i castell\u00e0. Veu natural i vers\u00e0til per a projectes publicitaris i corporatius.\" \/>\n<meta property=\"og:url\" content=\"https:\/\/rosorforet.com\/ca\/\" \/>\n<meta property=\"og:site_name\" content=\"Rosor Foret\" \/>\n<meta property=\"article:publisher\" content=\"https:\/\/www.facebook.com\/rosorforetlocutora\" \/>\n<meta property=\"article:modified_time\" content=\"2026-04-19T21:11:12+00:00\" \/>\n<meta name=\"twitter:card\" content=\"summary_large_image\" \/>\n<meta name=\"twitter:site\" content=\"@rosorforet\" \/>\n<meta name=\"twitter:label1\" content=\"Temps estimat de lectura\" \/>\n\t<meta name=\"twitter:data1\" content=\"2 minuts\" \/>\n<script type=\"application\/ld+json\" class=\"yoast-schema-graph\">{\"@context\":\"https:\/\/schema.org\",\"@graph\":[{\"@type\":\"WebPage\",\"@id\":\"https:\/\/rosorforet.com\/ca\/\",\"url\":\"https:\/\/rosorforet.com\/ca\/\",\"name\":\"Locutora professional a Barcelona | Rosor Foret\",\"isPartOf\":{\"@id\":\"https:\/\/rosorforet.com\/es\/#website\"},\"datePublished\":\"2022-09-16T07:26:58+00:00\",\"dateModified\":\"2026-04-19T21:11:12+00:00\",\"description\":\"Locutora professional a Barcelona en catal\u00e0 i castell\u00e0. Veu natural i vers\u00e0til per a projectes publicitaris i corporatius.\",\"breadcrumb\":{\"@id\":\"https:\/\/rosorforet.com\/ca\/#breadcrumb\"},\"inLanguage\":\"ca\",\"potentialAction\":[{\"@type\":\"ReadAction\",\"target\":[\"https:\/\/rosorforet.com\/ca\/\"]}]},{\"@type\":\"BreadcrumbList\",\"@id\":\"https:\/\/rosorforet.com\/ca\/#breadcrumb\",\"itemListElement\":[{\"@type\":\"ListItem\",\"position\":1,\"name\":\"Inici\",\"item\":\"https:\/\/rosorforet.com\/ca\/\"},{\"@type\":\"ListItem\",\"position\":2,\"name\":\"Locutora professional a Barcelona \u00b7 Rosor Foret\"}]},{\"@type\":\"WebSite\",\"@id\":\"https:\/\/rosorforet.com\/es\/#website\",\"url\":\"https:\/\/rosorforet.com\/es\/\",\"name\":\"Rosor Foret\",\"description\":\"Locutora professional a Barcelona\",\"potentialAction\":[{\"@type\":\"SearchAction\",\"target\":{\"@type\":\"EntryPoint\",\"urlTemplate\":\"https:\/\/rosorforet.com\/es\/?s={search_term_string}\"},\"query-input\":{\"@type\":\"PropertyValueSpecification\",\"valueRequired\":true,\"valueName\":\"search_term_string\"}}],\"inLanguage\":\"ca\"}]}<\/script>\n<!-- \/ Yoast SEO plugin. -->","yoast_head_json":{"title":"Locutora professional a Barcelona | Rosor Foret","description":"Locutora professional a Barcelona en catal\u00e0 i castell\u00e0. Veu natural i vers\u00e0til per a projectes publicitaris i corporatius.","robots":{"index":"index","follow":"follow","max-snippet":"max-snippet:-1","max-image-preview":"max-image-preview:large","max-video-preview":"max-video-preview:-1"},"canonical":"https:\/\/rosorforet.com\/ca\/","og_locale":"ca_ES","og_type":"article","og_title":"Locutora professional a Barcelona | Rosor Foret","og_description":"Locutora professional a Barcelona en catal\u00e0 i castell\u00e0. Veu natural i vers\u00e0til per a projectes publicitaris i corporatius.","og_url":"https:\/\/rosorforet.com\/ca\/","og_site_name":"Rosor Foret","article_publisher":"https:\/\/www.facebook.com\/rosorforetlocutora","article_modified_time":"2026-04-19T21:11:12+00:00","twitter_card":"summary_large_image","twitter_site":"@rosorforet","twitter_misc":{"Temps estimat de lectura":"2 minuts"},"schema":{"@context":"https:\/\/schema.org","@graph":[{"@type":"WebPage","@id":"https:\/\/rosorforet.com\/ca\/","url":"https:\/\/rosorforet.com\/ca\/","name":"Locutora professional a Barcelona | Rosor Foret","isPartOf":{"@id":"https:\/\/rosorforet.com\/es\/#website"},"datePublished":"2022-09-16T07:26:58+00:00","dateModified":"2026-04-19T21:11:12+00:00","description":"Locutora professional a Barcelona en catal\u00e0 i castell\u00e0. Veu natural i vers\u00e0til per a projectes publicitaris i corporatius.","breadcrumb":{"@id":"https:\/\/rosorforet.com\/ca\/#breadcrumb"},"inLanguage":"ca","potentialAction":[{"@type":"ReadAction","target":["https:\/\/rosorforet.com\/ca\/"]}]},{"@type":"BreadcrumbList","@id":"https:\/\/rosorforet.com\/ca\/#breadcrumb","itemListElement":[{"@type":"ListItem","position":1,"name":"Inici","item":"https:\/\/rosorforet.com\/ca\/"},{"@type":"ListItem","position":2,"name":"Locutora professional a Barcelona \u00b7 Rosor Foret"}]},{"@type":"WebSite","@id":"https:\/\/rosorforet.com\/es\/#website","url":"https:\/\/rosorforet.com\/es\/","name":"Rosor Foret","description":"Locutora professional a Barcelona","potentialAction":[{"@type":"SearchAction","target":{"@type":"EntryPoint","urlTemplate":"https:\/\/rosorforet.com\/es\/?s={search_term_string}"},"query-input":{"@type":"PropertyValueSpecification","valueRequired":true,"valueName":"search_term_string"}}],"inLanguage":"ca"}]}},"_links":{"self":[{"href":"https:\/\/rosorforet.com\/ca\/wp-json\/wp\/v2\/pages\/11","targetHints":{"allow":["GET"]}}],"collection":[{"href":"https:\/\/rosorforet.com\/ca\/wp-json\/wp\/v2\/pages"}],"about":[{"href":"https:\/\/rosorforet.com\/ca\/wp-json\/wp\/v2\/types\/page"}],"author":[{"embeddable":true,"href":"https:\/\/rosorforet.com\/ca\/wp-json\/wp\/v2\/users\/1"}],"replies":[{"embeddable":true,"href":"https:\/\/rosorforet.com\/ca\/wp-json\/wp\/v2\/comments?post=11"}],"version-history":[{"count":147,"href":"https:\/\/rosorforet.com\/ca\/wp-json\/wp\/v2\/pages\/11\/revisions"}],"predecessor-version":[{"id":1403,"href":"https:\/\/rosorforet.com\/ca\/wp-json\/wp\/v2\/pages\/11\/revisions\/1403"}],"wp:attachment":[{"href":"https:\/\/rosorforet.com\/ca\/wp-json\/wp\/v2\/media?parent=11"}],"curies":[{"name":"wp","href":"https:\/\/api.w.org\/{rel}","templated":true}]}}